{"id":2952,"date":"2015-05-07T15:03:29","date_gmt":"2015-05-07T15:03:29","guid":{"rendered":"http:\/\/viettiminerals.com\/?page_id=2952"},"modified":"2023-06-06T08:22:32","modified_gmt":"2023-06-06T08:22:32","slug":"about-me","status":"publish","type":"page","link":"https:\/\/viettiminerals.com\/it\/about-me\/","title":{"rendered":"About Me"},"content":{"rendered":"<p>[et_pb_section fb_built=&#8221;1&#8243; admin_label=&#8221;section&#8221; _builder_version=&#8221;4.21.0&#8243; background_color=&#8221;#000000&#8243; global_colors_info=&#8221;{}&#8221;][et_pb_row column_structure=&#8221;1_2,1_2&#8243; admin_label=&#8221;row&#8221; _builder_version=&#8221;4.21.0&#8243; background_size=&#8221;initial&#8221; background_position=&#8221;top_left&#8221; background_repeat=&#8221;repeat&#8221; max_width=&#8221;2600px&#8221; global_colors_info=&#8221;{}&#8221;][et_pb_column type=&#8221;1_2&#8243; _builder_version=&#8221;4.16&#8243; custom_padding=&#8221;|||&#8221; global_colors_info=&#8221;{}&#8221; custom_padding__hover=&#8221;|||&#8221;][et_pb_image src=&#8221;https:\/\/viettiminerals.com\/wp-content\/uploads\/2023\/06\/opt-RICERCA-PIRITI.jpg&#8221; title_text=&#8221;opt-RICERCA-PIRITI&#8221; _builder_version=&#8221;4.21.0&#8243; _module_preset=&#8221;default&#8221; global_colors_info=&#8221;{}&#8221;][\/et_pb_image][et_pb_image src=&#8221;https:\/\/viettiminerals.com\/wp-content\/uploads\/2023\/06\/opt-RICERCA-BRASILE.jpg&#8221; title_text=&#8221;opt-RICERCA-BRASILE&#8221; _builder_version=&#8221;4.21.0&#8243; _module_preset=&#8221;default&#8221; global_colors_info=&#8221;{}&#8221;][\/et_pb_image][et_pb_image src=&#8221;https:\/\/viettiminerals.com\/wp-content\/uploads\/2023\/06\/opt-RICERCA-TOPAZI-IN-BRASILE-1991jpg.jpg&#8221; title_text=&#8221;opt-RICERCA-TOPAZI-IN-BRASILE-1991jpg&#8221; _builder_version=&#8221;4.21.0&#8243; _module_preset=&#8221;default&#8221; global_colors_info=&#8221;{}&#8221;][\/et_pb_image][\/et_pb_column][et_pb_column type=&#8221;1_2&#8243; _builder_version=&#8221;4.16&#8243; custom_padding=&#8221;|||&#8221; global_colors_info=&#8221;{}&#8221; custom_padding__hover=&#8221;|||&#8221;][et_pb_text admin_label=&#8221;Text&#8221; _builder_version=&#8221;4.21.0&#8243; text_font_size=&#8221;20px&#8221; background_size=&#8221;initial&#8221; background_position=&#8221;top_left&#8221; background_repeat=&#8221;repeat&#8221; hover_enabled=&#8221;0&#8243; global_colors_info=&#8221;{}&#8221; sticky_enabled=&#8221;0&#8243;]<\/p>\n<p><strong>Mi sono interessato ai minerali da quando ero un ragazzino. Affascinato dalle forme geometriche e colori che hanno questi cristalli, ho fatto il mio acquisto, un cristallo di quarzo, da un negozio di souvenir nelle Dolomiti nel 1970. Pi\u00f9 tardi quell\u2019estate ho conosciuto una dottoressa in geologia, la quale, vedendo il mio grande interesse per le scienze naturali, mi permise di seguirla nelle sue escursioni alla ricerca di minerali. Potete immaginare la mia gioia quando sono tornato a casa con campioni di Granato, Heulandite, Mordenite, Calcite e quarzo da varie localit\u00e0 delle nostre Dolomiti. Dopo questa esperienza ho iniziato una ricerca personale, prima nelle miniere e cave d\u2019Italia e poi gradualmente arricchendo la mia collezione con campioni anche dall\u2019estero.<\/strong><\/p>\n<p>Il mio interesse \u00e8 diventato una passione da quando ho iniziato a frequentare alcune associazioni di collezionisti e ho visitato la mia prima mostra nel 1977. Man mano che aumentava la mia collezione, avevo iniziato a scambiare o vendere alcuni degli esemplari che avevo trovato. L\u2019opportunit\u00e0 di incontrare altri appassionati di minerali e vedere le loro collezioni mi ha dato incentivi per aumentare e migliorare la mia collezione. Altrettanto importante, mi ha permesso di trovare contatti e stringere rapporti di amicizia in tutto il mondo, gi\u00e0 molto prima dell\u2019era dell\u2019internet. In Italia sono espositore ormai da pi\u00f9 di 40 anni alle Fiere Mineralogiche che si tengono a Bologna, Torino, Roma, Genova; fino dal 1987 sono espositore alla Fiera Mineralientage Munchen in Germania;dal 1995 partecipo alla Fiera di Sainte-Marie-aux-Mines in Francia. Sono quasi 30 anni che partecipo alla mostra di Tucson negli Stati Uniti.<\/p>\n<p>Dagli anni 90, la mia scelta si \u00e8 indirizzata prettamente verso minerali di Pegmatite e Fluoriti, non trascurando comunque campioni di particolare interesse estetico o scientifico. Attualmente, la mia collezione \u00e8 composta da campioni estetici provenienti da localit\u00e0 in tutto il mondo. La mia preferenza nel collezionare sono gli esemplari di Fluorite e le sue varie associazioni.<\/p>\n<p>Il collezionismo di questi cristalli mi ha portato a desiderare di conoscere i loro luoghi di ritrovamento. Fino dai primi anni 80 ho viaggiato in Europa concentrandomi su dove riuscivo a sapere informazioni che riguardavano ritrovamenti mineralogici. Portando appresso pala e piccone, ho iniziato una serie di escursioni a Durham, in Inghilterra, e nelle Asturie in Spagna, a caccia di Fluoriti, a Navaj\u00fan, in Spagna, per pirite, e a Murcia, sempre in Spagna, per granati. Sono tornato in Inghilterra e in Spagna molte volte attraverso gli anni \u201980 e \u201990, e anche diversi altri posti in Europa, sia per raccogliere minerali personalmente che per acquisirli direttamente sul posto: in Norvegia, per Anatasio e Spessartine (1995) e in Grecia, l\u2019ex Jugoslavia e Bulgaria per i Solfuri (met\u00e0 degli anni 80 e anni 90).<\/p>\n<p>Come sono diventato pi\u00f9 esperto, il mio desiderio di reperire i campioni direttamente nei luoghi di origine mi ha portato ancora pi\u00f9 lontano, alle grandi localit\u00e0 minerarie del mondo, la maggior parte dei quali destinazioni e paesi non propriamente battuti da un turismo di massa: a Minas Gerais in Brasile, nel 1991, alle montagne del Brandberg in Namibia nel 1992, in Messico nel 1993, in Per\u00f9 e in Bolivia nel 1994, e in Canada nel 1996. Sono stato in Cina per diversi anni consecutivi dal 1995 al 1999, in Nepal e India nel 1997, e nel Sud Africa in 2001. Via via pi\u00f9 recentemente sono ritornato in alcune di queste localit\u00e0.<\/p>\n<p>Dopo essere stato selezionato con la mia collezione, insieme ad altri amici e collezionisti, la mia pi\u00f9 grande soddisfazione, in questo mondo affascinante, \u00e8 arrivata all\u2019inizio del 2011 quando sono stato inserito nel libro speciale \u201cPrivate Mineral Collection in Italy\u201d abbinato alla famosa ed importante Rivista Mineralogica americana \u201cThe Mineralogical Record\u201d<\/p>\n<p>[\/et_pb_text][\/et_pb_column][\/et_pb_row][\/et_pb_section]<\/p>\n","protected":false},"excerpt":{"rendered":"<p>Mi sono interessato ai minerali da quando ero un ragazzino. Affascinato dalle forme geometriche e colori che hanno questi cristalli, ho fatto il mio acquisto, un cristallo di quarzo, da un negozio di souvenir nelle Dolomiti nel 1970. Pi\u00f9 tardi quell\u2019estate ho conosciuto una dottoressa in geologia, la quale, vedendo il mio grande interesse per [&hellip;]<\/p>\n","protected":false},"author":1,"featured_media":0,"parent":0,"menu_order":0,"comment_status":"closed","ping_status":"closed","template":"","meta":{"_et_pb_use_builder":"on","_et_pb_old_content":"[section dark=\"true\" bg=\"#000\" img=\"http:\/\/imageurl\" img_pos=\"right\" img_width=\"50%\" img_margin=\"0\" padding=\"60px\" margin=\"0px\"]\r\n\r\n[row]\r\n\r\n[col span=\"1\/2\"]\r\n\r\n[ux_image id=\"3209\" image_size=\"large\"]\r\n\r\n[divider width=\"small\"]\r\n\r\n[ux_image id=\"3207\" image_size=\"large\"]\r\n\r\n[divider width=\"small\"]\r\n\r\n[ux_image id=\"3205\" image_size=\"large\"]\r\n\r\n[divider width=\"small\"]\r\n\r\n[ux_image id=\"3212\" image_size=\"large\"]\r\n\r\n[\/col]\r\n\r\n[col span=\"1\/2\"]\r\n\r\n<span style=\"font-family: Times New Roman, serif;\"><span style=\"font-size: medium;\"><b>I\u2019ve been interested in minerals since I was just a kid. Fascinated by the colors and geometries of crystals, I bought my first specimen, a piece of quartz, from a souvenir shop while on vacation in the Dolomites in 1970. Later that same summer I met a geologist who noticed my interest in the natural sciences and invited me to accompany her on her mineral-hunting excursions. You can imagine my delight when I returned home with specimens of Garnet, Heulandite, Mordenite, Calcite and Quartz from various localities throughout the Dolomites. After that I began searching for minerals on my own, first at mines and quarries in Italy, and then I gradually enriched my collection with specimens from abroad.<\/b><\/span><\/span>\r\n\r\n<span style=\"font-family: Times New Roman, serif;\"><span style=\"font-size: medium;\">My interest developed into a passion after I joined a few collectors\u2019 societies and attended my first mineral show in 1977. As my collection grew, I started trading or selling some of the specimens I found. The opportunity to meet other mineral enthusiasts and see their collections gave me incentives to increase and improve my own collection. Just as important, it allowed me to begin developing friendships and connections all over the world, long before the era of the Internet. I have been exhibiting in Italy for over 40 years at the mineral shows of Bologna, Turin, Rome and Genoa, at Mineralientage Munchen, the largest mineral show in Europe, since 1987, and at the Sainte-Marie-aux-Mines mineral and gem show in France, since 1995. I first started exhibiting in the US at the Tucson mineral show about 30 years ago. <\/span><\/span>\r\n\r\n<span style=\"font-family: Times New Roman, serif;\"><span style=\"font-size: medium;\">In the 1990s I began concentrating mainly on the Pegmatites and Fluorites, while continuing to collect a range of minerals of particular scientific interest or aesthetic value. My collection currently includes a number of stunning specimens from localities around the world, with my favorites being the fluorites and fluorite associations.<\/span><\/span>\r\n\r\n<span style=\"font-family: Times New Roman, serif;\"><span style=\"font-size: medium;\">From the time I first began collecting minerals, I\u2019ve wanted to learn everything I could about the places where they are found. When I started traveling in Europe in the early 1980s, I went mainly to places about which I could find information on mineralogical finds. Taking along my shovel and pick, I began a series of excursions to Durham, England, and the Asturias in Spain, hunting for Fluorites, to Navaj\u00fan, Spain, for Pyrites, and to Murcia, also in Spain, for Garnets. I returned to England and Spain many times through the 80s and 90s, and also went to a number of other European locations, either collecting minerals personally or acquiring them directly from local dealers: Norway for Anatase and Spessartine (1995) and Greece, the former Yugoslavia and Bulgaria for Sulfides (mid 80s and throughout the 90s).<\/span><\/span>\r\n\r\n<span style=\"font-family: Times New Roman, serif;\"><span style=\"font-size: medium;\">As I became more experienced, my desire to source specimens directly from the mines and quarries led me even further afield to the world\u2019s great mineral localities, most of which are far off the beaten track of tourism: I went to Minas Gerais in Brazil in 1991, to the Brandberg mountains in Namibia in 1992, to Mexico in 1993, to Peru and Bolivia in 1994, and to Canada in 1996. I went to China for consecutive years from 1995 to 1999, to Nepal and India in 1997, and to South Africa in 2001. More recently I\u2019ve continued to return to several of these countries.<\/span><\/span>\r\n\r\n<span style=\"font-family: Times New Roman, serif;\"><span style=\"font-size: medium;\">After being selected with my collection, along with other friends and collectors, my greatest satisfaction, in this fascinating world, it came in early 2011 when I was placed in a special \u201cPrivate Mineral Collection in Italy\u201d combined with famous and important American Mineralogical Magazine \u201cThe Mineralogical Record\u201d<\/span><\/span>\r\n\r\n[\/col]\r\n\r\n[\/row]\r\n\r\n[\/section]","_et_gb_content_width":"","footnotes":""},"class_list":["post-2952","page","type-page","status-publish","hentry"],"_links":{"self":[{"href":"https:\/\/viettiminerals.com\/it\/wp-json\/wp\/v2\/pages\/2952","targetHints":{"allow":["GET"]}}],"collection":[{"href":"https:\/\/viettiminerals.com\/it\/wp-json\/wp\/v2\/pages"}],"about":[{"href":"https:\/\/viettiminerals.com\/it\/wp-json\/wp\/v2\/types\/page"}],"author":[{"embeddable":true,"href":"https:\/\/viettiminerals.com\/it\/wp-json\/wp\/v2\/users\/1"}],"replies":[{"embeddable":true,"href":"https:\/\/viettiminerals.com\/it\/wp-json\/wp\/v2\/comments?post=2952"}],"version-history":[{"count":10,"href":"https:\/\/viettiminerals.com\/it\/wp-json\/wp\/v2\/pages\/2952\/revisions"}],"predecessor-version":[{"id":10146,"href":"https:\/\/viettiminerals.com\/it\/wp-json\/wp\/v2\/pages\/2952\/revisions\/10146"}],"wp:attachment":[{"href":"https:\/\/viettiminerals.com\/it\/wp-json\/wp\/v2\/media?parent=2952"}],"curies":[{"name":"wp","href":"https:\/\/api.w.org\/{rel}","templated":true}]}}