{"id":2741,"date":"2015-04-15T14:38:49","date_gmt":"2015-04-15T14:38:49","guid":{"rendered":"http:\/\/viettiminerals.com\/?page_id=2741"},"modified":"2023-06-06T10:37:40","modified_gmt":"2023-06-06T10:37:40","slug":"termini-e-condizioni","status":"publish","type":"page","link":"https:\/\/viettiminerals.com\/it\/termini-e-condizioni\/","title":{"rendered":"Termini e Condizioni"},"content":{"rendered":"<p>[et_pb_section fb_built=&#8221;1&#8243; _builder_version=&#8221;4.21.0&#8243; _module_preset=&#8221;default&#8221; hover_enabled=&#8221;0&#8243; global_colors_info=&#8221;{}&#8221; background_color=&#8221;#000000&#8243; sticky_enabled=&#8221;0&#8243;][et_pb_row _builder_version=&#8221;4.21.0&#8243; _module_preset=&#8221;default&#8221;][et_pb_column _builder_version=&#8221;4.21.0&#8243; _module_preset=&#8221;default&#8221; type=&#8221;4_4&#8243;][et_pb_text _builder_version=&#8221;4.21.0&#8243; _module_preset=&#8221;default&#8221; text_text_color=&#8221;#FFFFFF&#8221; hover_enabled=&#8221;0&#8243; sticky_enabled=&#8221;0&#8243;]<\/p>\n<p>Politica di vendita<\/p>\n<p>\u2013 Accettiamo carte di credito Paypal, Visa, Mastercard su server protetto o vaglia internazionali emessi tramite banche.<br \/>Per pagare tramite Bonifico Bancario, ecco le nostre coordinate bancarie:<br \/>testatario: Corrado Vietti<br \/>IBAN: IT 17 G 01030 38050 000000756386 BIC\/SWIFT: PASCITMMSCV<\/p>\n<p>\u2013 Puoi selezionare i tuoi minerali utilizzando la nostra funzione \u201ccarrello\u201d: ti aiuter\u00e0 a creare il tuo ordine, ad annullare e confermare la selezione quando sei pronto e ad accettare il sovrapprezzo per coprire i costi di consegna standard.<\/p>\n<p>\u2013 Puoi inviare il tuo ordine e le informazioni sulle carte di credito utilizzando il servizio Internet fornito e protetto da Paypal.<\/p>\n<p>\u2013 Serviremo &#8220;first in first out&#8221; e accetteremo resi entro 15 giorni.<\/p>\n<p>\u2013 Generalmente tutti gli ordini verranno elaborati in una settimana dopo la conferma bancaria del record di credito.<\/p>\n<p>\u2013 Spediamo con posta aerea prioritaria o posta aerea assicurata su specifica richiesta del cliente.<\/p>\n<p>\u2013 Addebitiamo in fattura i costi standard per l&#8217;imballaggio, la consegna e l&#8217;assicurazione, se richiesto.<\/p>\n<p>\u2013 Per le spedizioni in Italia, con ordini superiori a 700,00 Euro, il servizio \u00e8 gratuito.<\/p>\n<p>\u2013 Per le spedizioni internazionali, con ordini superiori a 700,00 Euro, il servizio \u00e8 gratuito.<\/p>\n<p>\u2013 Potrebbe esserci possibilit\u00e0 di negoziazione su campioni di particolare importanza. Tutti i campioni in promozione hanno un prezzo netto.<br \/>Privacy e dati personali<\/p>\n<p>Per pubblicare minerali, D.I. Corrado Vietti (VIETTIMINERALS) si registrer\u00e0 e utilizzer\u00e0 alcune informazioni personali.<\/p>\n<p>I dati personali verranno trattati nel rispetto e alle condizioni dei principi dell&#8217;articolo 9 della legge 675\/96.<br \/>Per l&#8217;articolo 13 della legge 675\/96 \u00e8 sempre possibile opporsi al trattamento in oggetto e ordinare al titolare la cancellazione gratuita dei dati. I dati personali da noi trattati non saranno ceduti o comunicati a terzi.<br \/>Tutela della Privacy<\/p>\n<p>Ad ogni inoltro di un ordine, l&#8217;interessato acconsente all&#8217;utilizzo dei propri dati personali per i soli fini commerciali, fiscali, amministrativi e informativi inerenti la nostra attivit\u00e0, ai sensi dell&#8217;art.<br \/>(TUTELA DELLE PERSONE E DI ALTRI SOGGETTI RISPETTO AL TRATTAMENTO DEI DATI PERSONALI)<br \/>Ai sensi di tale legge e con riferimento ai dati personali acquisiti o da acquisire in futuro, si indicano quanto segue:<br \/>L&#8217;ottenimento e l&#8217;utilizzo dei dati personali ha l&#8217;esclusiva finalit\u00e0 di consentirci di svolgere un corretto servizio commerciale pertanto tali dati sono e saranno trattati, sia su supporto informatico che cartaceo, in modo lecito e secondo correttezza, nel rispetto della legge.<br \/>I dati potranno essere comunicati a soggetti terzi (es. banche o enti a noi collegati) esclusivamente per l&#8217;elaborazione del nostro rendiconto fiscale.<br \/>I dati possono sempre essere aggiornati, modificati, scrivendoci un messaggio di posta elettronica<\/p>\n<p>Il titolare dei tuoi dati \u00e8:<br \/>Corrado Vietti<br \/>ditta individuale<br \/>Sede Legale: Via Paolo Borsellino, 28 \u2013 50026 San Casciano in Val di Pesa (FI)<br \/>Italia<br \/>C.F. \u2013 06408950480<br \/>Telefono: +39 393 9195630<br \/>e-mail: viettiminerals@gmail.com<br \/>DIRITTO DI RECESSO<\/p>\n<p>Il Cliente pu\u00f2 esercitare il diritto di recesso ex art. 5 del D.Lgs. n. 185\/99 della legge italiana alle seguenti condizioni:<br \/>1. Il Cliente pu\u00f2 recedere dal contratto di acquisto e restituire la merce acquistata senza necessit\u00e0 di motivare la propria decisione e senza alcuna penalit\u00e0 entro il termine di 10 giorni lavorativi; tali giorni decorrono dal ricevimento della merce da parte del Cliente.<br \/>2. Il diritto di recesso si esercita con comunicazione scritta, entro il termine previsto, a D.I. Corrado Vietti (VIETTIMINERALS) sede a mezzo raccomandata con ricevuta di ritorno. La comunicazione pu\u00f2 essere inviata, entro lo stesso termine, anche mediante telegramma, posta elettronica, a condizione che sia confermata mediante lettera raccomandata con ricevuta di ritorno entro le 48 ore successive.<br \/>3. Gli esemplari dovranno essere restituiti in perfette condizioni entro 15 giorni dalla data della comunicazione di recesso. Deve inoltre contenere tutto il materiale, compreso l&#8217;imballo originale. (Fattura, etichette\u2026)<br \/>4. La restituzione degli esemplari a D.I. Corrado Vietti (VIETTIMINERALS) si intende a cura e spese del Cliente che decida di recedere dal contratto.<br \/>5. DI Corrado Vietti (VIETTIMINERALS) avr\u00e0 un termine di 30 giorni dalla data di ricevimento dei prodotti restituiti per l&#8217;accredito al Cliente della somma da esso corrisposta, al netto delle spese di spedizione.<br \/>6. L&#8217;imballo completo del prodotto e la fattura originale dovranno essere intestati a:<\/p>\n<p>Corrado Vietti<br \/>ditta individuale<br \/>Sede Legale: Via Paolo Borsellino, 28 \u2013 50026 San Casciano in Val di Pesa (FI)<br \/>Italia<br \/>C.F. \u2013 06408950480<br \/>Telefono: +39 393 9195630<br \/>e-mail: viettiminerals@gmail.com<br \/>In tutti i casi di cui sopra, il Cliente dovr\u00e0 indicare i dati per effettuare il bonifico (nome della banca, codici ABI e CAB, numero di conto corrente, nome e indirizzo con CAP della persona a cui \u00e8 stato aperto il conto) .<\/p>\n<p>[\/et_pb_text][\/et_pb_column][\/et_pb_row][\/et_pb_section]<\/p>\n","protected":false},"excerpt":{"rendered":"<p>Politica di vendita \u2013 Accettiamo carte di credito Paypal, Visa, Mastercard su server protetto o vaglia internazionali emessi tramite banche.Per pagare tramite Bonifico Bancario, ecco le nostre coordinate bancarie:testatario: Corrado ViettiIBAN: IT 17 G 01030 38050 000000756386 BIC\/SWIFT: PASCITMMSCV \u2013 Puoi selezionare i tuoi minerali utilizzando la nostra funzione \u201ccarrello\u201d: ti aiuter\u00e0 a creare il [&hellip;]<\/p>\n","protected":false},"author":6,"featured_media":0,"parent":0,"menu_order":0,"comment_status":"closed","ping_status":"closed","template":"","meta":{"_et_pb_use_builder":"on","_et_pb_old_content":"","_et_gb_content_width":"","footnotes":""},"class_list":["post-2741","page","type-page","status-publish","hentry"],"_links":{"self":[{"href":"https:\/\/viettiminerals.com\/it\/wp-json\/wp\/v2\/pages\/2741","targetHints":{"allow":["GET"]}}],"collection":[{"href":"https:\/\/viettiminerals.com\/it\/wp-json\/wp\/v2\/pages"}],"about":[{"href":"https:\/\/viettiminerals.com\/it\/wp-json\/wp\/v2\/types\/page"}],"author":[{"embeddable":true,"href":"https:\/\/viettiminerals.com\/it\/wp-json\/wp\/v2\/users\/6"}],"replies":[{"embeddable":true,"href":"https:\/\/viettiminerals.com\/it\/wp-json\/wp\/v2\/comments?post=2741"}],"version-history":[{"count":7,"href":"https:\/\/viettiminerals.com\/it\/wp-json\/wp\/v2\/pages\/2741\/revisions"}],"predecessor-version":[{"id":10159,"href":"https:\/\/viettiminerals.com\/it\/wp-json\/wp\/v2\/pages\/2741\/revisions\/10159"}],"wp:attachment":[{"href":"https:\/\/viettiminerals.com\/it\/wp-json\/wp\/v2\/media?parent=2741"}],"curies":[{"name":"wp","href":"https:\/\/api.w.org\/{rel}","templated":true}]}}